{"id":8,"date":"2018-06-06T18:32:01","date_gmt":"2018-06-06T18:32:01","guid":{"rendered":"http:\/\/dev.pedroreis.net\/gesvespa\/?page_id=8"},"modified":"2019-01-11T12:33:50","modified_gmt":"2019-01-11T12:33:50","slug":"vespa-velutina","status":"publish","type":"page","link":"https:\/\/projects.iniav.pt\/gesvespa\/vespa-velutina\/","title":{"rendered":"Vespa velutina"},"content":{"rendered":"<h1><em>Vespa velutina<\/em><\/h1>\n<p>Esp\u00e9cie de origem asi\u00e1tica com v\u00e1rias subesp\u00e9cies, sendo que a introduzida na Europa \u00e9 a <em>Vespa velutina nigrithorax<\/em>.<br \/>\nO principal impacto conhecido da esp\u00e9cie \u00e9 a preda\u00e7\u00e3o das abelhas no exterior das colmeias, sendo as abelhas capturadas em voo, geralmente \u00e0 chegada \u00e0 colmeia. Nos casos em que um enxame est\u00e1 enfraquecido, as vespas podem entrar na colmeia e alimentar-se da cria\u00e7\u00e3o e do mel.<\/p>\n<p>Quando perturbada, a vespa asi\u00e1tica poder\u00e1 representar um risco para a popula\u00e7\u00e3o, devido \u00e0 sua picada, tal como acontece com as de outras vespas e abelhas. No entanto, dada a visibilidade dos ninhos de <em>Vespa velutina<\/em> e a maior probabilidade de contato, a esp\u00e9cie pode constituir um risco acrescido nos locais de ocorr\u00eancia mais frequente.<\/p>\n","protected":false},"excerpt":{"rendered":"<p>Vespa velutina Esp\u00e9cie de origem asi\u00e1tica com v\u00e1rias subesp\u00e9cies, sendo que a introduzida na Europa \u00e9 a Vespa velutina nigrithorax. O principal impacto conhecido da esp\u00e9cie \u00e9 a preda\u00e7\u00e3o das abelhas no exterior das colmeias, sendo as abelhas capturadas em voo, geralmente \u00e0 chegada \u00e0 colmeia. Nos casos em que um enxame est\u00e1 enfraquecido, as [&hellip;]<\/p>\n","protected":false},"author":3,"featured_media":0,"parent":0,"menu_order":0,"comment_status":"closed","ping_status":"closed","template":"","meta":{"footnotes":""},"class_list":["post-8","page","type-page","status-publish","hentry"],"_links":{"self":[{"href":"https:\/\/projects.iniav.pt\/gesvespa\/wp-json\/wp\/v2\/pages\/8"}],"collection":[{"href":"https:\/\/projects.iniav.pt\/gesvespa\/wp-json\/wp\/v2\/pages"}],"about":[{"href":"https:\/\/projects.iniav.pt\/gesvespa\/wp-json\/wp\/v2\/types\/page"}],"author":[{"embeddable":true,"href":"https:\/\/projects.iniav.pt\/gesvespa\/wp-json\/wp\/v2\/users\/3"}],"replies":[{"embeddable":true,"href":"https:\/\/projects.iniav.pt\/gesvespa\/wp-json\/wp\/v2\/comments?post=8"}],"version-history":[{"count":20,"href":"https:\/\/projects.iniav.pt\/gesvespa\/wp-json\/wp\/v2\/pages\/8\/revisions"}],"predecessor-version":[{"id":2736,"href":"https:\/\/projects.iniav.pt\/gesvespa\/wp-json\/wp\/v2\/pages\/8\/revisions\/2736"}],"wp:attachment":[{"href":"https:\/\/projects.iniav.pt\/gesvespa\/wp-json\/wp\/v2\/media?parent=8"}],"curies":[{"name":"wp","href":"https:\/\/api.w.org\/{rel}","templated":true}]}}