{"id":328,"date":"2018-11-19T14:54:57","date_gmt":"2018-11-19T14:54:57","guid":{"rendered":"http:\/\/dev.pedroreis.net\/gesvespa\/?page_id=328"},"modified":"2019-01-11T16:18:42","modified_gmt":"2019-01-11T16:18:42","slug":"inquerito","status":"publish","type":"page","link":"https:\/\/projects.iniav.pt\/gesvespa\/inquerito\/","title":{"rendered":"Inqu\u00e9rito"},"content":{"rendered":"<h1>Inqu\u00e9rito<\/h1>\r\n<p>Realiza\u00e7\u00e3o de inqu\u00e9ritos aos apicultores e gestores do territ\u00f3rio para avalia\u00e7\u00e3o de riscos e press\u00f5es sobre a apicultura, integrado na A\u00e7\u00e3o 4 (Impacto na apicultura e biodiversidade) tarefa 1, realizado pelo IPVC.<\/p>\r\n<p><iframe loading=\"lazy\" title=\"SOS Vespa\" src=\"\/\/www.survio.com\/survey\/d\/R8X8D0O2G9R0J4X6A \" width=\"500\" height=\"400\" frameborder=\"0\" marginwidth=\"0\" marginheight=\"0\" scrolling=\"yes\"><\/iframe><\/p>\r\n<p>\u00a0<\/p>\r\n<p><a href=\"https:\/\/projects.iniav.pt\/gesvespa\/wp-content\/uploads\/2018\/11\/Inqu\u00e9rito-Apicultores.docx\" target=\"_blank\" rel=\"noopener\">Inqu\u00e9rito sobre o impacto da destrui\u00e7\u00e3o de ninhos de <em>Vespa velutina<\/em><\/a><\/p>\r\n<p>Realiza\u00e7\u00e3o de inqu\u00e9ritos \u00e0s equipas de destrui\u00e7\u00e3o de ninhos, constitu\u00eddas a partir da aquisi\u00e7\u00e3o de equipamentos no \u00e2mbito do projeto GESVESPA pelas Comunidades Intermunicipais parceiras, com o objetivo de obter informa\u00e7\u00e3o sobre t\u00e9cnicas e metodologias utilizadas, integrado na A\u00e7\u00e3o 4 (Impacto na apicultura e biodiversidade) tarefa 2, realizado pelo IPVC.<\/p>\r\n<p><a href=\"https:\/\/projects.iniav.pt\/gesvespa\/wp-content\/uploads\/2018\/11\/Inqu\u00e9rito-Equipas-destrui\u00e7\u00e3o.docx\" target=\"_blank\" rel=\"noopener\">Inqu\u00e9rito sobre Avalia\u00e7\u00e3o da Metodologia e do Impacto da destrui\u00e7\u00e3o de <em>Vespa velutina<\/em><\/a><\/p>\r\n\r\n\r\n<p> Os inqu\u00e9ritos aqui presentes em formato Word, ap\u00f3s preenchimento, devem ser enviados para o email <a href=\"mailto:vespa@iniav.pt\">vespa@iniav.pt<\/a>. O resultado preliminar destes inqu\u00e9ritos, realizados pelo IPVC, apresentam-se no separador <a href=\"..\\resultados\">Resultados<\/a><\/p>\r\n","protected":false},"excerpt":{"rendered":"<p>Inqu\u00e9rito Realiza\u00e7\u00e3o de inqu\u00e9ritos aos apicultores e gestores do territ\u00f3rio para avalia\u00e7\u00e3o de riscos e press\u00f5es sobre a apicultura, integrado na A\u00e7\u00e3o 4 (Impacto na apicultura e biodiversidade) tarefa 1, realizado pelo IPVC. \u00a0 Inqu\u00e9rito sobre o impacto da destrui\u00e7\u00e3o de ninhos de Vespa velutina Realiza\u00e7\u00e3o de inqu\u00e9ritos \u00e0s equipas de destrui\u00e7\u00e3o de ninhos, constitu\u00eddas [&hellip;]<\/p>\n","protected":false},"author":3,"featured_media":0,"parent":0,"menu_order":0,"comment_status":"closed","ping_status":"closed","template":"","meta":{"footnotes":""},"class_list":["post-328","page","type-page","status-publish","hentry"],"_links":{"self":[{"href":"https:\/\/projects.iniav.pt\/gesvespa\/wp-json\/wp\/v2\/pages\/328"}],"collection":[{"href":"https:\/\/projects.iniav.pt\/gesvespa\/wp-json\/wp\/v2\/pages"}],"about":[{"href":"https:\/\/projects.iniav.pt\/gesvespa\/wp-json\/wp\/v2\/types\/page"}],"author":[{"embeddable":true,"href":"https:\/\/projects.iniav.pt\/gesvespa\/wp-json\/wp\/v2\/users\/3"}],"replies":[{"embeddable":true,"href":"https:\/\/projects.iniav.pt\/gesvespa\/wp-json\/wp\/v2\/comments?post=328"}],"version-history":[{"count":8,"href":"https:\/\/projects.iniav.pt\/gesvespa\/wp-json\/wp\/v2\/pages\/328\/revisions"}],"predecessor-version":[{"id":2749,"href":"https:\/\/projects.iniav.pt\/gesvespa\/wp-json\/wp\/v2\/pages\/328\/revisions\/2749"}],"wp:attachment":[{"href":"https:\/\/projects.iniav.pt\/gesvespa\/wp-json\/wp\/v2\/media?parent=328"}],"curies":[{"name":"wp","href":"https:\/\/api.w.org\/{rel}","templated":true}]}}