{"id":167,"date":"2018-07-13T15:42:33","date_gmt":"2018-07-13T15:42:33","guid":{"rendered":"http:\/\/dev.pedroreis.net\/gesvespa\/?page_id=167"},"modified":"2024-10-25T15:35:15","modified_gmt":"2024-10-25T15:35:15","slug":"sos-vespa","status":"publish","type":"page","link":"https:\/\/projects.iniav.pt\/gesvespa\/sos-vespa\/","title":{"rendered":"SOS Vespa"},"content":{"rendered":"<h1>SOS Vespa<\/h1>\n<p>A plataforma SOS VESPA est\u00e1 dispon\u00edvel para que qualquer cidad\u00e3o possa contribuir com o registo de avistamentos de ninhos ou indiv\u00edduos de <em>Vespa velutina<\/em>. Estes registos ser\u00e3o posteriormente confirmados por entidades credenciadas.<\/p>\n<p>&nbsp;<\/p>\n<p><a href=\"http:\/\/www.sosvespa.pt\" target=\"_blank\" rel=\"noopener\"><img loading=\"lazy\" decoding=\"async\" class=\"aligncenter wp-image-2796\" src=\"https:\/\/projects.iniav.pt\/gesvespa\/wp-content\/uploads\/2019\/01\/sosvespa-768x468.jpg\" alt=\"\" width=\"768\" height=\"468\" srcset=\"https:\/\/projects.iniav.pt\/gesvespa\/wp-content\/uploads\/2019\/01\/sosvespa-768x468.jpg 768w, https:\/\/projects.iniav.pt\/gesvespa\/wp-content\/uploads\/2019\/01\/sosvespa-300x183.jpg 300w, https:\/\/projects.iniav.pt\/gesvespa\/wp-content\/uploads\/2019\/01\/sosvespa.jpg 1001w\" sizes=\"(max-width: 768px) 100vw, 768px\" \/><\/a><\/p>\n<p><img loading=\"lazy\" decoding=\"async\" class=\"aligncenter size-full wp-image-2788\" src=\"https:\/\/projects.iniav.pt\/gesvespa\/wp-content\/uploads\/2019\/01\/Gr\u00e1oupIcon.png\" alt=\"\" width=\"244\" height=\"244\" srcset=\"https:\/\/projects.iniav.pt\/gesvespa\/wp-content\/uploads\/2019\/01\/Gr\u00e1oupIcon.png 244w, https:\/\/projects.iniav.pt\/gesvespa\/wp-content\/uploads\/2019\/01\/Gr\u00e1oupIcon-150x150.png 150w, https:\/\/projects.iniav.pt\/gesvespa\/wp-content\/uploads\/2019\/01\/Gr\u00e1oupIcon-120x120.png 120w\" sizes=\"(max-width: 244px) 100vw, 244px\" \/><\/p>\n","protected":false},"excerpt":{"rendered":"<p>SOS Vespa A plataforma SOS VESPA est\u00e1 dispon\u00edvel para que qualquer cidad\u00e3o possa contribuir com o registo de avistamentos de ninhos ou indiv\u00edduos de Vespa velutina. Estes registos ser\u00e3o posteriormente confirmados por entidades credenciadas. &nbsp;<\/p>\n","protected":false},"author":3,"featured_media":0,"parent":0,"menu_order":0,"comment_status":"closed","ping_status":"closed","template":"","meta":{"footnotes":""},"class_list":["post-167","page","type-page","status-publish","hentry"],"_links":{"self":[{"href":"https:\/\/projects.iniav.pt\/gesvespa\/wp-json\/wp\/v2\/pages\/167"}],"collection":[{"href":"https:\/\/projects.iniav.pt\/gesvespa\/wp-json\/wp\/v2\/pages"}],"about":[{"href":"https:\/\/projects.iniav.pt\/gesvespa\/wp-json\/wp\/v2\/types\/page"}],"author":[{"embeddable":true,"href":"https:\/\/projects.iniav.pt\/gesvespa\/wp-json\/wp\/v2\/users\/3"}],"replies":[{"embeddable":true,"href":"https:\/\/projects.iniav.pt\/gesvespa\/wp-json\/wp\/v2\/comments?post=167"}],"version-history":[{"count":20,"href":"https:\/\/projects.iniav.pt\/gesvespa\/wp-json\/wp\/v2\/pages\/167\/revisions"}],"predecessor-version":[{"id":2828,"href":"https:\/\/projects.iniav.pt\/gesvespa\/wp-json\/wp\/v2\/pages\/167\/revisions\/2828"}],"wp:attachment":[{"href":"https:\/\/projects.iniav.pt\/gesvespa\/wp-json\/wp\/v2\/media?parent=167"}],"curies":[{"name":"wp","href":"https:\/\/api.w.org\/{rel}","templated":true}]}}