{"id":14,"date":"2018-06-06T18:32:25","date_gmt":"2018-06-06T18:32:25","guid":{"rendered":"http:\/\/dev.pedroreis.net\/gesvespa\/?page_id=14"},"modified":"2019-12-30T18:26:39","modified_gmt":"2019-12-30T18:26:39","slug":"divulgacao","status":"publish","type":"page","link":"https:\/\/projects.iniav.pt\/gesvespa\/divulgacao\/","title":{"rendered":"Divulga\u00e7\u00e3o"},"content":{"rendered":"<h3>Folhetos<\/h3>\n<div class=\"row\">\n<div class=\"col\" style=\"padding-right: 100px;\">\n<ul>\n<li>Ficha de identifica\u00e7\u00e3o da esp\u00e9cie<a href=\"http:\/\/www2.icnf.pt\/portal\/pn\/biodiversidade\/patrinatur\/resource\/docs\/exot\/vespa\/anexo-II.pdf\" target=\"_blank\" rel=\"noopener\"><img decoding=\"async\" class=\"aligncenter\" style=\"border: 1px solid #ddd; border-radius: 4px;\" src=\"\/gesvespa\/wp-content\/uploads\/anexo-II.jpg\" alt=\"\" width=\"240\" height=\"\" \/><\/a><\/li>\n<\/ul>\n<ul>\n<li>Ficha de identifica\u00e7\u00e3o de ninhos<br \/>\n<a href=\"http:\/\/www2.icnf.pt\/portal\/pn\/biodiversidade\/patrinatur\/resource\/docs\/exot\/vespa\/anexo-III.pdf\" target=\"_blank\" rel=\"noopener\"><img decoding=\"async\" style=\"border: 1px solid #ddd; border-radius: 4px;\" src=\"\/gesvespa\/wp-content\/uploads\/anexo-III.jpg\" alt=\"\" width=\"240\" height=\"\" \/><\/a><\/li>\n<\/ul>\n<\/div>\n<div class=\"col\">\n<ul>\n<li>ICNF-Folheto <em>Vespa velutina<\/em><br \/>\n<a href=\"http:\/\/www2.icnf.pt\/portal\/pn\/biodiversidade\/patrinatur\/resource\/docs\/exot\/vespa\/anexo-VI-v2019.pdf\" target=\"_blank\" rel=\"noopener\"><img decoding=\"async\" style=\"border: 1px solid #ddd; border-radius: 4px;\" src=\"\/gesvespa\/wp-content\/uploads\/anexo-VI.jpg\" alt=\"\" width=\"240\" height=\"\" \/><\/a><\/li>\n<\/ul>\n<p>&nbsp;<br \/>\n&nbsp;<br \/>\n&nbsp;<br \/>\n&nbsp;<br \/>\n&nbsp;<\/p>\n<ul>\n<li>INIAV-Ficha de Identifica\u00e7\u00e3o <em>Vespa velutina<\/em> e <em>Vespa crabro<\/em><br \/>\n<a href=\"http:\/\/www.iniav.pt\/fotos\/editor2\/ficha_identificacao_vespa_velutina_vespa_crabro_marco_2015.pdf\" target=\"_blank\" rel=\"noopener\"><img decoding=\"async\" src=\"https:\/\/projects.iniav.pt\/gesvespa\/wp-content\/uploads\/ficha_identificacao_vespa_velutina.jpg\" alt=\"\" width=\"240\" height=\"\" \/><\/a><\/li>\n<\/ul>\n<p>&nbsp;<\/p>\n<\/div>\n<\/div>\n","protected":false},"excerpt":{"rendered":"<p>Folhetos Ficha de identifica\u00e7\u00e3o da esp\u00e9cie Ficha de identifica\u00e7\u00e3o de ninhos ICNF-Folheto Vespa velutina &nbsp; &nbsp; &nbsp; &nbsp; &nbsp; INIAV-Ficha de Identifica\u00e7\u00e3o Vespa velutina e Vespa crabro &nbsp;<\/p>\n","protected":false},"author":3,"featured_media":0,"parent":0,"menu_order":0,"comment_status":"closed","ping_status":"closed","template":"","meta":{"footnotes":""},"class_list":["post-14","page","type-page","status-publish","hentry"],"_links":{"self":[{"href":"https:\/\/projects.iniav.pt\/gesvespa\/wp-json\/wp\/v2\/pages\/14"}],"collection":[{"href":"https:\/\/projects.iniav.pt\/gesvespa\/wp-json\/wp\/v2\/pages"}],"about":[{"href":"https:\/\/projects.iniav.pt\/gesvespa\/wp-json\/wp\/v2\/types\/page"}],"author":[{"embeddable":true,"href":"https:\/\/projects.iniav.pt\/gesvespa\/wp-json\/wp\/v2\/users\/3"}],"replies":[{"embeddable":true,"href":"https:\/\/projects.iniav.pt\/gesvespa\/wp-json\/wp\/v2\/comments?post=14"}],"version-history":[{"count":164,"href":"https:\/\/projects.iniav.pt\/gesvespa\/wp-json\/wp\/v2\/pages\/14\/revisions"}],"predecessor-version":[{"id":3123,"href":"https:\/\/projects.iniav.pt\/gesvespa\/wp-json\/wp\/v2\/pages\/14\/revisions\/3123"}],"wp:attachment":[{"href":"https:\/\/projects.iniav.pt\/gesvespa\/wp-json\/wp\/v2\/media?parent=14"}],"curies":[{"name":"wp","href":"https:\/\/api.w.org\/{rel}","templated":true}]}}