{"id":135,"date":"2018-06-28T11:03:48","date_gmt":"2018-06-28T11:03:48","guid":{"rendered":"http:\/\/dev.pedroreis.net\/gesvespa\/?page_id=135"},"modified":"2019-02-28T11:20:07","modified_gmt":"2019-02-28T11:20:07","slug":"apistech","status":"publish","type":"page","link":"https:\/\/projects.iniav.pt\/gesvespa\/apistech\/","title":{"rendered":"Apis Technology"},"content":{"rendered":"<p>A Apis Technology \u00e9 uma empresa portuguesa sediada em Aveiro que desenvolve e comercializa ferramentas de base digital para apicultura.<\/p>\n<p>O <strong>Sistema de Monitoriza\u00e7\u00e3o Apis Technology<\/strong> permite ao apicultor acompanhar o desenvolvimento das suas col\u00f3nias em tempo-real a partir da internet.<\/p>\n<p>A empresa fornece aos apicultores as seguintes ferramentas:<\/p>\n<ul>\n<li><strong>B-App &#8211;\u00a0<\/strong>um software de gest\u00e3o ap\u00edcola desenhado especificamente para as necessidades dos apicultores. Permite gerir todos os efetivos, registar informa\u00e7\u00e3o de opera\u00e7\u00f5es e acompanhar o seu desenvolvimento a qualquer momento.<\/li>\n<li><strong>Sistema de Monitoriza\u00e7\u00e3o &#8211;\u00a0<\/strong>trata-se de um conjunto de sensores que s\u00e3o colocados dentro de cada colmeia e que envia a informa\u00e7\u00e3o para a internet. Esta ferramenta permite ao apicultor acompanhar o estado da col\u00f3nia, o seu desempenho e mitigar algumas perdas.<\/li>\n<\/ul>\n<p>A aquisi\u00e7\u00e3o deste equipamento no \u00e2mbito do projeto Gesvespa tem como objetivo aceder a dados sobre o impacto do ataque da vespa-asi\u00e1tica na atividade e produ\u00e7\u00e3o ap\u00edcola.<\/p>\n<p>Os gr\u00e1ficos abaixo representam, a t\u00edtulo de exemplo, a evolu\u00e7\u00e3o dos par\u00e2metros f\u00edsicos medidos pelos sensores que constituem o sistema de monitoriza\u00e7\u00e3o Apis Technology, instalado num dos api\u00e1rios experimentais do Gesvespa, situado numa regi\u00e3o de forte invas\u00e3o pela vespa (Viana do Castelo). Os gr\u00e1ficos s\u00e3o interativos, permitindo escolher o intervalo de tempo com desloca\u00e7\u00e3o do cursor ao longo do eixo horizontal. Para al\u00e9m da visualiza\u00e7\u00e3o simult\u00e2nea dos 5 par\u00e2metros medidos, pode-se aceder com maior detalhe, reduzindo o per\u00edodo de tempo e\/ou selecionando par\u00e2metros individualmente ou de forma combinada, com um clique sobre o par\u00e2metro pretendido (exemplificando: interesse em analisar de forma conjunta a temperatura exterior e a temperatura interior, ou a temperatura exterior e a atividade da col\u00f3nia, entre outras). O registo destes par\u00e2metros ser\u00e1 efetuado at\u00e9 \u00e0 finaliza\u00e7\u00e3o do projeto.<\/p>\n<p><strong>Legenda:<\/strong><\/p>\n<p><strong>Production (Produ\u00e7\u00e3o)<\/strong> &#8211; Indica o peso bruto da colmeia em quilogramas (kg).<\/p>\n<p><strong>Activity (Atividade)<\/strong> &#8211; Indica o n\u00edvel de atividade da colmeia, ou seja, o movimento na t\u00e1bua de voo. \u00c9 medido em per\u00edodos de 20 min e representa o fluxo de entrada e sa\u00edda de abelhas da colmeia (n\u00famero de abelhas).<\/p>\n<p><strong>Humidity (Humidade)<\/strong> &#8211; Indica o n\u00edvel de humidade relativa dentro da colmeia, junto da cria\u00e7\u00e3o (em %).<\/p>\n<p><strong>ExtmedTemp (Temperatura exterior)<\/strong> &#8211; Indica a temperatura externa no local onde se encontra a colmeia (em \u00baC).<\/p>\n<p><strong>IntmedTemp (Temperatura interior)<\/strong> &#8211; Indica a temperatura dentro da colmeia junto da cria\u00e7\u00e3o (em \u00baC).<\/p>\n<p>&nbsp;<\/p>\n<p><strong>Colmeia 101<\/strong><\/p>\n<div id=\"highcharts-fe529eb3-3134-4cea-a375-ed56f62256a3\"><\/div>\n<p><script>\n(function(){ var files = [\"https:\/\/code.highcharts.com\/stock\/highstock.js\",\"https:\/\/code.highcharts.com\/highcharts-more.js\",\"https:\/\/code.highcharts.com\/highcharts-3d.js\",\"https:\/\/code.highcharts.com\/modules\/data.js\",\"https:\/\/code.highcharts.com\/modules\/exporting.js\",\"https:\/\/code.highcharts.com\/modules\/funnel.js\",\"https:\/\/code.highcharts.com\/modules\/annotations.js\",\"https:\/\/code.highcharts.com\/modules\/solid-gauge.js\"],loaded = 0; if (typeof window[\"HighchartsEditor\"] === \"undefined\") {window.HighchartsEditor = {ondone: [cl],hasWrapped: false,hasLoaded: false};include(files[0]);} else {if (window.HighchartsEditor.hasLoaded) {cl();} else {window.HighchartsEditor.ondone.push(cl);}}function isScriptAlreadyIncluded(src){var scripts = document.getElementsByTagName(\"script\");for (var i = 0; i < scripts.length; i++) {if (scripts[i].hasAttribute(\"src\")) {if ((scripts[i].getAttribute(\"src\") || \"\").indexOf(src) >= 0 || (scripts[i].getAttribute(\"src\") === \"http:\/\/code.highcharts.com\/highcharts.js\" && src === \"https:\/\/code.highcharts.com\/stock\/highstock.js\")) {return true;}}}return false;}function check() {if (loaded === files.length) {for (var i = 0; i < window.HighchartsEditor.ondone.length; i++) {try {window.HighchartsEditor.ondone[i]();} catch(e) {console.error(e);}}window.HighchartsEditor.hasLoaded = true;}}function include(script) {function next() {++loaded;if (loaded < files.length) {include(files[loaded]);}check();}if (isScriptAlreadyIncluded(script)) {return next();}var sc=document.createElement(\"script\");sc.src = script;sc.type=\"text\/javascript\";sc.onload=function() { next(); };document.head.appendChild(sc);}function each(a, fn){if (typeof a.forEach !== \"undefined\"){a.forEach(fn);}else{for (var i = 0; i < a.length; i++){if (fn) {fn(a[i]);}}}}var inc = {},incl=[]; each(document.querySelectorAll(\"script\"), function(t) {inc[t.src.substr(0, t.src.indexOf(\"?\"))] = 1; }); function cl() {if(typeof window[\"Highcharts\"] !== \"undefined\"){var options={\"title\":{\"text\":\"Colmeia 101\"},\"subtitle\":{\"text\":\"\"},\"exporting\":{},\"chart\":{\"type\":\"line\",\"polar\":false},\"rangeSelector\":{\"enabled\":false},\"data\":{\"rowsURL\":\"https:\/\/rubredocontinent.apistech.eu\/api\/getGesvespaData\/3YIkWR8pbQ45Nw4K4ypCwTd7j9dMCLaNJYTQmcFScdN7\/HM0000101\",\"enablePolling\":true,\"dataRefreshRate\":\"7200\"},\"series\":[],\"yAxis\":[{\"title\":{}}],\"plotOptions\":{\"series\":{\"dataLabels\":{\"enabled\":false}}},\"legend\":{\"enabled\":true},\"googleSpreadsheetKey\":false,\"googleSpreadsheetWorksheet\":false};\n\/\/ Sample of extending options:\nHighcharts.merge(true, options, {\n    plotOptions: {\n        series: {\n            dataGrouping: {\n                enabled: false\n            }\n        }\n    }\n});\nnew Highcharts.StockChart(\"highcharts-fe529eb3-3134-4cea-a375-ed56f62256a3\", options);}}})();\n<\/script><\/p>\n<p>&nbsp;<\/p>\n<p>&nbsp;<\/p>\n<p><strong>Colmeia 102<\/strong><\/p>\n<div id=\"highcharts-503cbc24-aac1-4a66-9367-4ad855a1d6aa\"><\/div>\n<p><script>\n(function(){ var files = [\"https:\/\/code.highcharts.com\/stock\/highstock.js\",\"https:\/\/code.highcharts.com\/highcharts-more.js\",\"https:\/\/code.highcharts.com\/highcharts-3d.js\",\"https:\/\/code.highcharts.com\/modules\/data.js\",\"https:\/\/code.highcharts.com\/modules\/exporting.js\",\"https:\/\/code.highcharts.com\/modules\/funnel.js\",\"https:\/\/code.highcharts.com\/modules\/annotations.js\",\"https:\/\/code.highcharts.com\/modules\/solid-gauge.js\"],loaded = 0; if (typeof window[\"HighchartsEditor\"] === \"undefined\") {window.HighchartsEditor = {ondone: [cl],hasWrapped: false,hasLoaded: false};include(files[0]);} else {if (window.HighchartsEditor.hasLoaded) {cl();} else {window.HighchartsEditor.ondone.push(cl);}}function isScriptAlreadyIncluded(src){var scripts = document.getElementsByTagName(\"script\");for (var i = 0; i < scripts.length; i++) {if (scripts[i].hasAttribute(\"src\")) {if ((scripts[i].getAttribute(\"src\") || \"\").indexOf(src) >= 0 || (scripts[i].getAttribute(\"src\") === \"http:\/\/code.highcharts.com\/highcharts.js\" && src === \"https:\/\/code.highcharts.com\/stock\/highstock.js\")) {return true;}}}return false;}function check() {if (loaded === files.length) {for (var i = 0; i < window.HighchartsEditor.ondone.length; i++) {try {window.HighchartsEditor.ondone[i]();} catch(e) {console.error(e);}}window.HighchartsEditor.hasLoaded = true;}}function include(script) {function next() {++loaded;if (loaded < files.length) {include(files[loaded]);}check();}if (isScriptAlreadyIncluded(script)) {return next();}var sc=document.createElement(\"script\");sc.src = script;sc.type=\"text\/javascript\";sc.onload=function() { next(); };document.head.appendChild(sc);}function each(a, fn){if (typeof a.forEach !== \"undefined\"){a.forEach(fn);}else{for (var i = 0; i < a.length; i++){if (fn) {fn(a[i]);}}}}var inc = {},incl=[]; each(document.querySelectorAll(\"script\"), function(t) {inc[t.src.substr(0, t.src.indexOf(\"?\"))] = 1; }); function cl() {if(typeof window[\"Highcharts\"] !== \"undefined\"){var options={\"title\":{\"text\":\"Colmeia 102\"},\"subtitle\":{\"text\":\"\"},\"exporting\":{},\"chart\":{\"type\":\"line\",\"polar\":false},\"rangeSelector\":{\"enabled\":false},\"data\":{\"rowsURL\":\"https:\/\/rubredocontinent.apistech.eu\/api\/getGesvespaData\/3YIkWR8pbQ45Nw4K4ypCwTd7j9dMCLaNJYTQmcFScdN7\/HM0000102\",\"enablePolling\":true,\"dataRefreshRate\":\"7200\"},\"series\":[],\"yAxis\":[{\"title\":{}}],\"plotOptions\":{\"series\":{\"dataLabels\":{\"enabled\":false}}},\"legend\":{\"enabled\":true},\"googleSpreadsheetKey\":false,\"googleSpreadsheetWorksheet\":false};\n\/\/ Sample of extending options:\nHighcharts.merge(true, options, {\n    plotOptions: {\n        series: {\n            dataGrouping: {\n                enabled: false\n            }\n        }\n    }\n});\nnew Highcharts.StockChart(\"highcharts-503cbc24-aac1-4a66-9367-4ad855a1d6aa\", options);}}})();\n<\/script><\/p>\n<p><strong>Colmeia 103<\/strong><\/p>\n<div id=\"highcharts-7a7b172b-e93b-4eb3-9ebf-ffd82ce99cd3\"><\/div>\n<p><script>\n(function(){ var files = [\"https:\/\/code.highcharts.com\/stock\/highstock.js\",\"https:\/\/code.highcharts.com\/highcharts-more.js\",\"https:\/\/code.highcharts.com\/highcharts-3d.js\",\"https:\/\/code.highcharts.com\/modules\/data.js\",\"https:\/\/code.highcharts.com\/modules\/exporting.js\",\"https:\/\/code.highcharts.com\/modules\/funnel.js\",\"https:\/\/code.highcharts.com\/modules\/annotations.js\",\"https:\/\/code.highcharts.com\/modules\/solid-gauge.js\"],loaded = 0; if (typeof window[\"HighchartsEditor\"] === \"undefined\") {window.HighchartsEditor = {ondone: [cl],hasWrapped: false,hasLoaded: false};include(files[0]);} else {if (window.HighchartsEditor.hasLoaded) {cl();} else {window.HighchartsEditor.ondone.push(cl);}}function isScriptAlreadyIncluded(src){var scripts = document.getElementsByTagName(\"script\");for (var i = 0; i < scripts.length; i++) {if (scripts[i].hasAttribute(\"src\")) {if ((scripts[i].getAttribute(\"src\") || \"\").indexOf(src) >= 0 || (scripts[i].getAttribute(\"src\") === \"http:\/\/code.highcharts.com\/highcharts.js\" && src === \"https:\/\/code.highcharts.com\/stock\/highstock.js\")) {return true;}}}return false;}function check() {if (loaded === files.length) {for (var i = 0; i < window.HighchartsEditor.ondone.length; i++) {try {window.HighchartsEditor.ondone[i]();} catch(e) {console.error(e);}}window.HighchartsEditor.hasLoaded = true;}}function include(script) {function next() {++loaded;if (loaded < files.length) {include(files[loaded]);}check();}if (isScriptAlreadyIncluded(script)) {return next();}var sc=document.createElement(\"script\");sc.src = script;sc.type=\"text\/javascript\";sc.onload=function() { next(); };document.head.appendChild(sc);}function each(a, fn){if (typeof a.forEach !== \"undefined\"){a.forEach(fn);}else{for (var i = 0; i < a.length; i++){if (fn) {fn(a[i]);}}}}var inc = {},incl=[]; each(document.querySelectorAll(\"script\"), function(t) {inc[t.src.substr(0, t.src.indexOf(\"?\"))] = 1; }); function cl() {if(typeof window[\"Highcharts\"] !== \"undefined\"){var options={\"title\":{\"text\":\"Colmeia 103\"},\"subtitle\":{\"text\":\"\"},\"exporting\":{},\"chart\":{\"type\":\"line\",\"polar\":false},\"rangeSelector\":{\"enabled\":false},\"data\":{\"rowsURL\":\"https:\/\/rubredocontinent.apistech.eu\/api\/getGesvespaData\/3YIkWR8pbQ45Nw4K4ypCwTd7j9dMCLaNJYTQmcFScdN7\/HM0000103\",\"enablePolling\":true,\"dataRefreshRate\":\"7200\"},\"series\":[],\"yAxis\":[{\"title\":{}}],\"plotOptions\":{\"series\":{\"dataLabels\":{\"enabled\":false}}},\"legend\":{\"enabled\":true},\"googleSpreadsheetKey\":false,\"googleSpreadsheetWorksheet\":false};\n\/\/ Sample of extending options:\nHighcharts.merge(true, options, {\n    plotOptions: {\n        series: {\n            dataGrouping: {\n                enabled: false\n            }\n        }\n    }\n});\nnew Highcharts.StockChart(\"highcharts-7a7b172b-e93b-4eb3-9ebf-ffd82ce99cd3\", options);}}})();\n<\/script><\/p>\n<p><strong>Colmeia 104<\/strong><\/p>\n<div id=\"highcharts-e37b96ac-72d0-4909-b29b-0b50343601d7\"><\/div>\n<p><script>\n(function(){ var files = [\"https:\/\/code.highcharts.com\/stock\/highstock.js\",\"https:\/\/code.highcharts.com\/highcharts-more.js\",\"https:\/\/code.highcharts.com\/highcharts-3d.js\",\"https:\/\/code.highcharts.com\/modules\/data.js\",\"https:\/\/code.highcharts.com\/modules\/exporting.js\",\"https:\/\/code.highcharts.com\/modules\/funnel.js\",\"https:\/\/code.highcharts.com\/modules\/annotations.js\",\"https:\/\/code.highcharts.com\/modules\/solid-gauge.js\"],loaded = 0; if (typeof window[\"HighchartsEditor\"] === \"undefined\") {window.HighchartsEditor = {ondone: [cl],hasWrapped: false,hasLoaded: false};include(files[0]);} else {if (window.HighchartsEditor.hasLoaded) {cl();} else {window.HighchartsEditor.ondone.push(cl);}}function isScriptAlreadyIncluded(src){var scripts = document.getElementsByTagName(\"script\");for (var i = 0; i < scripts.length; i++) {if (scripts[i].hasAttribute(\"src\")) {if ((scripts[i].getAttribute(\"src\") || \"\").indexOf(src) >= 0 || (scripts[i].getAttribute(\"src\") === \"http:\/\/code.highcharts.com\/highcharts.js\" && src === \"https:\/\/code.highcharts.com\/stock\/highstock.js\")) {return true;}}}return false;}function check() {if (loaded === files.length) {for (var i = 0; i < window.HighchartsEditor.ondone.length; i++) {try {window.HighchartsEditor.ondone[i]();} catch(e) {console.error(e);}}window.HighchartsEditor.hasLoaded = true;}}function include(script) {function next() {++loaded;if (loaded < files.length) {include(files[loaded]);}check();}if (isScriptAlreadyIncluded(script)) {return next();}var sc=document.createElement(\"script\");sc.src = script;sc.type=\"text\/javascript\";sc.onload=function() { next(); };document.head.appendChild(sc);}function each(a, fn){if (typeof a.forEach !== \"undefined\"){a.forEach(fn);}else{for (var i = 0; i < a.length; i++){if (fn) {fn(a[i]);}}}}var inc = {},incl=[]; each(document.querySelectorAll(\"script\"), function(t) {inc[t.src.substr(0, t.src.indexOf(\"?\"))] = 1; }); function cl() {if(typeof window[\"Highcharts\"] !== \"undefined\"){var options={\"title\":{\"text\":\"Colmeia 104\"},\"subtitle\":{\"text\":\"\"},\"exporting\":{},\"chart\":{\"type\":\"line\",\"polar\":false},\"rangeSelector\":{\"enabled\":false},\"data\":{\"rowsURL\":\"https:\/\/rubredocontinent.apistech.eu\/api\/getGesvespaData\/3YIkWR8pbQ45Nw4K4ypCwTd7j9dMCLaNJYTQmcFScdN7\/HM0000104\",\"enablePolling\":true,\"dataRefreshRate\":\"7200\"},\"series\":[],\"yAxis\":[{\"title\":{}}],\"plotOptions\":{\"series\":{\"dataLabels\":{\"enabled\":false}}},\"legend\":{\"enabled\":true},\"googleSpreadsheetKey\":false,\"googleSpreadsheetWorksheet\":false};\n\/\/ Sample of extending options:\nHighcharts.merge(true, options, {\n    plotOptions: {\n        series: {\n            dataGrouping: {\n                enabled: false\n            }\n        }\n    }\n});\nnew Highcharts.StockChart(\"highcharts-e37b96ac-72d0-4909-b29b-0b50343601d7\", options);}}})();\n<\/script><\/p>\n","protected":false},"excerpt":{"rendered":"<p>A Apis Technology \u00e9 uma empresa portuguesa sediada em Aveiro que desenvolve e comercializa ferramentas de base digital para apicultura. O Sistema de Monitoriza\u00e7\u00e3o Apis Technology permite ao apicultor acompanhar o desenvolvimento das suas col\u00f3nias em tempo-real a partir da internet. A empresa fornece aos apicultores as seguintes ferramentas: B-App &#8211;\u00a0um software de gest\u00e3o ap\u00edcola [&hellip;]<\/p>\n","protected":false},"author":3,"featured_media":0,"parent":0,"menu_order":0,"comment_status":"closed","ping_status":"closed","template":"","meta":{"footnotes":""},"class_list":["post-135","page","type-page","status-publish","hentry"],"_links":{"self":[{"href":"https:\/\/projects.iniav.pt\/gesvespa\/wp-json\/wp\/v2\/pages\/135"}],"collection":[{"href":"https:\/\/projects.iniav.pt\/gesvespa\/wp-json\/wp\/v2\/pages"}],"about":[{"href":"https:\/\/projects.iniav.pt\/gesvespa\/wp-json\/wp\/v2\/types\/page"}],"author":[{"embeddable":true,"href":"https:\/\/projects.iniav.pt\/gesvespa\/wp-json\/wp\/v2\/users\/3"}],"replies":[{"embeddable":true,"href":"https:\/\/projects.iniav.pt\/gesvespa\/wp-json\/wp\/v2\/comments?post=135"}],"version-history":[{"count":20,"href":"https:\/\/projects.iniav.pt\/gesvespa\/wp-json\/wp\/v2\/pages\/135\/revisions"}],"predecessor-version":[{"id":2786,"href":"https:\/\/projects.iniav.pt\/gesvespa\/wp-json\/wp\/v2\/pages\/135\/revisions\/2786"}],"wp:attachment":[{"href":"https:\/\/projects.iniav.pt\/gesvespa\/wp-json\/wp\/v2\/media?parent=135"}],"curies":[{"name":"wp","href":"https:\/\/api.w.org\/{rel}","templated":true}]}}