{"id":133,"date":"2018-06-28T11:03:40","date_gmt":"2018-06-28T11:03:40","guid":{"rendered":"http:\/\/dev.pedroreis.net\/gesvespa\/?page_id=133"},"modified":"2019-10-30T10:47:18","modified_gmt":"2019-10-30T10:47:18","slug":"sig","status":"publish","type":"page","link":"https:\/\/projects.iniav.pt\/gesvespa\/sig\/","title":{"rendered":"SIG"},"content":{"rendered":"<h1>SIG<\/h1>\n<p>Os sistemas de informa\u00e7\u00e3o geogr\u00e1fica (SIG) s\u00e3o cada vez mais um grande suporte para projetos cient\u00edficos. No projeto Gesvespa os SIG permitiram construir diferentes mapas na \u00e1rea de estudo.<\/p>\n<p>&nbsp;<\/p>\n<ul>\n<li>Anima\u00e7\u00e3o referente a 7 anos de <em>Vespa velutina<\/em> em Portugal Continental<\/li>\n<\/ul>\n<div style=\"width: 1920px;\" class=\"wp-video\"><!--[if lt IE 9]><script>document.createElement('video');<\/script><![endif]-->\n<video class=\"wp-video-shortcode\" id=\"video-133-1\" width=\"1920\" height=\"1080\" preload=\"metadata\" controls=\"controls\"><source type=\"video\/mp4\" src=\"https:\/\/projects.iniav.pt\/gesvespa\/wp-content\/uploads\/2018\/11\/GESVESPA_V2_Vv_UTAD.mp4?_=1\" \/><a href=\"https:\/\/projects.iniav.pt\/gesvespa\/wp-content\/uploads\/2018\/11\/GESVESPA_V2_Vv_UTAD.mp4\">https:\/\/projects.iniav.pt\/gesvespa\/wp-content\/uploads\/2018\/11\/GESVESPA_V2_Vv_UTAD.mp4<\/a><\/video><\/div>\n<p>&nbsp;<\/p>\n<ul>\n<li>\u00c1rea de interven\u00e7\u00e3o do projeto com grelha de amostragem de 10x10Km<\/li>\n<\/ul>\n<p><img loading=\"lazy\" decoding=\"async\" class=\"alignnone size-large wp-image-311\" src=\"https:\/\/projects.iniav.pt\/gesvespa\/wp-content\/uploads\/2018\/11\/amostragem-10x10-1024x629.jpg\" alt=\"\" width=\"1024\" height=\"629\" srcset=\"https:\/\/projects.iniav.pt\/gesvespa\/wp-content\/uploads\/2018\/11\/amostragem-10x10-1024x629.jpg 1024w, https:\/\/projects.iniav.pt\/gesvespa\/wp-content\/uploads\/2018\/11\/amostragem-10x10-300x184.jpg 300w, https:\/\/projects.iniav.pt\/gesvespa\/wp-content\/uploads\/2018\/11\/amostragem-10x10-768x472.jpg 768w, https:\/\/projects.iniav.pt\/gesvespa\/wp-content\/uploads\/2018\/11\/amostragem-10x10.jpg 1299w\" sizes=\"(max-width: 1024px) 100vw, 1024px\" \/><\/p>\n<p>&nbsp;<\/p>\n<ul>\n<li>\u00c1rea de interven\u00e7\u00e3o do projeto com grelha de amostragem de 10x10Km, \u00e1rea tamp\u00e3o e \u00e1rea de destrui\u00e7\u00e3o<\/li>\n<\/ul>\n<p><img loading=\"lazy\" decoding=\"async\" class=\"alignnone size-large wp-image-309\" src=\"https:\/\/projects.iniav.pt\/gesvespa\/wp-content\/uploads\/2018\/11\/\u00e1rea-tamp\u00e3o-10x10-1024x612.jpg\" alt=\"\" width=\"1024\" height=\"612\" srcset=\"https:\/\/projects.iniav.pt\/gesvespa\/wp-content\/uploads\/2018\/11\/\u00e1rea-tamp\u00e3o-10x10-1024x612.jpg 1024w, https:\/\/projects.iniav.pt\/gesvespa\/wp-content\/uploads\/2018\/11\/\u00e1rea-tamp\u00e3o-10x10-300x179.jpg 300w, https:\/\/projects.iniav.pt\/gesvespa\/wp-content\/uploads\/2018\/11\/\u00e1rea-tamp\u00e3o-10x10-768x459.jpg 768w, https:\/\/projects.iniav.pt\/gesvespa\/wp-content\/uploads\/2018\/11\/\u00e1rea-tamp\u00e3o-10x10.jpg 1299w\" sizes=\"(max-width: 1024px) 100vw, 1024px\" \/><\/p>\n<p>&nbsp;<\/p>\n<ul>\n<li>\u00c1rea de interven\u00e7\u00e3o do projeto com grelha de amostragem de 10x10Km e \u00e1reas de estatuto de prote\u00e7\u00e3o<\/li>\n<\/ul>\n<p><img loading=\"lazy\" decoding=\"async\" class=\"alignnone size-large wp-image-310\" src=\"https:\/\/projects.iniav.pt\/gesvespa\/wp-content\/uploads\/2018\/11\/\u00e1reas-prote\u00e7\u00e3o-10x10-1-1024x610.jpg\" alt=\"\" width=\"1024\" height=\"610\" srcset=\"https:\/\/projects.iniav.pt\/gesvespa\/wp-content\/uploads\/2018\/11\/\u00e1reas-prote\u00e7\u00e3o-10x10-1-1024x610.jpg 1024w, https:\/\/projects.iniav.pt\/gesvespa\/wp-content\/uploads\/2018\/11\/\u00e1reas-prote\u00e7\u00e3o-10x10-1-300x179.jpg 300w, https:\/\/projects.iniav.pt\/gesvespa\/wp-content\/uploads\/2018\/11\/\u00e1reas-prote\u00e7\u00e3o-10x10-1-768x458.jpg 768w, https:\/\/projects.iniav.pt\/gesvespa\/wp-content\/uploads\/2018\/11\/\u00e1reas-prote\u00e7\u00e3o-10x10-1.jpg 1299w\" sizes=\"(max-width: 1024px) 100vw, 1024px\" \/><\/p>\n<p>&nbsp;<\/p>\n<ul>\n<li>Aplica\u00e7\u00e3o de smartphone para\u00a0registo de capturas no local<\/li>\n<\/ul>\n<p><img loading=\"lazy\" decoding=\"async\" class=\"size-medium wp-image-2915 aligncenter\" title=\"App Gesvespa\" src=\"https:\/\/projects.iniav.pt\/gesvespa\/wp-content\/uploads\/App.png\" alt=\"\" width=\"159\" height=\"300\" \/><\/p>\n<p>Na plataforma WEBSIG que se segue podemos analisar os valores totais das capturas de <em>Vespa velutina<\/em> nas armadilhas instaladas em 178 api\u00e1rios sentinela, no per\u00edodo de setembro de 2016 a maio de 2018. Os dados ser\u00e3o atualizados em tempo real at\u00e9 \u00e0 finaliza\u00e7\u00e3o do projeto.<\/p>\n<p>A aplica\u00e7\u00e3o SIG permite consultar todos os dados que se encontram representados, bem como, interagir com a informa\u00e7\u00e3o total das capturas, para tal dever\u00e1 fazer um clique na \u00e1rea do mapa em cima da quadr\u00edcula pretendida e ter\u00e1 acesso a uma tabela com o total dos registos quinzenais efetuados.<\/p>\n<div class=\"embed-container\"><iframe loading=\"lazy\" title=\"Mapa GESVESPA - Vigil\u00e2ncia Ativa\" src=\"\/\/portalgeo.iniav.pt\/portal\/apps\/Embed\/index.html?webmap=564197f401b348c4a3d92729d79d8c77&amp;extent=-10.3826,40.6301,-4.6367,42.5364&amp;home=true&amp;zoom=true&amp;previewImage=false&amp;scale=true&amp;search=true&amp;searchextent=true&amp;legendlayers=true&amp;basemap_gallery=true&amp;disable_scroll=true&amp;theme=light\" width=\"500\" height=\"400\" frameborder=\"0\" marginwidth=\"0\" marginheight=\"0\" scrolling=\"no\"><\/iframe><\/div>\n<div>\n<p>&nbsp;<\/p>\n<p>Na plataforma WEBSIG que se segue podemos analisar o mapa de calor (heatmap) referente aos valores totais das capturas de <em>Vespa velutina<\/em> nas armadilhas instaladas em 178 api\u00e1rios sentinela, no per\u00edodo de setembro de 2016 a maio de 2018. Os dados ser\u00e3o atualizados em tempo real at\u00e9 \u00e0 finaliza\u00e7\u00e3o do projeto.<\/p>\n<p>A aplica\u00e7\u00e3o SIG permite consultar todos os dados que se encontram representados, bem como, interagir com o total da informa\u00e7\u00e3o das capturas, para tal dever\u00e1 fazer um clique na \u00e1rea do mapa em cima da quadr\u00edcula pretendida e ter\u00e1 acesso a uma tabela com os registos quinzenais, com uma visualiza\u00e7\u00e3o por quinzena.<\/p>\n<p>&nbsp;<\/p>\n<\/div>\n<div class=\"embed-container\"><iframe loading=\"lazy\" title=\"Mapa GESVESPA - Geral\" src=\"\/\/portalgeo.iniav.pt\/portal\/apps\/Embed\/index.html?webmap=aa5d08ca74d242f39ce44d6b78fbdbd0&amp;extent=-10.3826,40.5133,-4.6367,42.4229&amp;home=true&amp;zoom=true&amp;previewImage=false&amp;scale=true&amp;search=true&amp;searchextent=true&amp;legend=true&amp;basemap_gallery=true&amp;disable_scroll=true&amp;theme=light\" width=\"500\" height=\"400\" frameborder=\"0\" marginwidth=\"0\" marginheight=\"0\" scrolling=\"no\"><\/iframe><\/div>\n<p>&nbsp;<\/p>\n<p>Na plataforma WEBSIG que se segue podemos analisar o mapa de calor (heatmap) referente aos valores totais das capturas de <em>Vespa velutina<\/em> nas armadilhas instaladas em 178 api\u00e1rios sentinela, no per\u00edodo de setembro de 2016 a maio de 2018. Os dados ser\u00e3o atualizados em tempo real at\u00e9 \u00e0 finaliza\u00e7\u00e3o do projeto.<\/p>\n<p>A aplica\u00e7\u00e3o SIG permite consultar todos os dados que se encontram representados, bem como, interagir com o total da informa\u00e7\u00e3o das capturas, para tal dever\u00e1 fazer um clique na \u00e1rea do mapa em cima da quadr\u00edcula pretendida e ter\u00e1 acesso a uma tabela com os registos quinzenais, com uma visualiza\u00e7\u00e3o por quinzena.<\/p>\n<p>Esta aplica\u00e7\u00e3o permite ligar e desligar camadas de informa\u00e7\u00e3o (grelha, mapa de calor e centr\u00f3ides) no mapa de modo a proporcionar uma melhor an\u00e1lise.<\/p>\n<div class=\"embed-container\"><iframe loading=\"lazy\" title=\"Mapa GESVESPA (com selec\u00e7\u00e3o de camadas)\" src=\"https:\/\/portalgeo.iniav.pt\/portal\/apps\/MapTools\/index.html?appid=4dc73bb1569c422887c552225432080f\" width=\"500\" height=\"400\" frameborder=\"0\" marginwidth=\"0\" marginheight=\"0\" scrolling=\"no\"><\/iframe><\/div>\n<p>&nbsp;<\/p>\n<ul>\n<li>Ciclo de vida da <em>Vespa velutina<\/em> na \u00e1rea de estudo do Projeto Gesvespa<\/li>\n<\/ul>\n<p>A t\u00edtulo exemplificativo apresenta-se um exerc\u00edcio explorat\u00f3rio da base de dados das capturas efetuadas na rede de vigil\u00e2ncia ativa do projeto Gesvespa para as primeiras 39 quinzenas.<\/p>\n<p>Os gr\u00e1ficos e o mapa s\u00e3o interativos, permitindo escolher o intervalo de tempo com desloca\u00e7\u00e3o do cursor ao longo do eixo horizontal.<\/p>\n<p>Para al\u00e9m da visualiza\u00e7\u00e3o simult\u00e2nea dos 6 gr\u00e1ficos e um mapa, pode-se aceder com maior detalhe, ajustando o per\u00edodo de tempo e\/ou selecionando a quinzena.<\/p>\n<p>A navega\u00e7\u00e3o na \u00e1rea do mapa est\u00e1 indexada aos valores que s\u00e3o vis\u00edveis nos diferentes gr\u00e1ficos, ou seja, se estivermos a visualizar dados referentes a uma determinada localiza\u00e7\u00e3o espacial s\u00f3 v\u00e3o aparecer nos gr\u00e1ficos os valores respetivos daquela localiza\u00e7\u00e3o.<\/p>\n<p>No mapa podemos visualizar o valor total das capturas de <em>Vespa velutina<\/em> em cada centr\u00f3ide durante as 39 primeiras quinzenas do projeto, no per\u00edodo de setembro de 2016 a maio de 2018. Ao clicar sobre cada ponto obtemos os valores totais de capturas e um gr\u00e1fico das capturas por quinzena.<\/p>\n<p>Apresentam-se gr\u00e1ficos da evolu\u00e7\u00e3o temporal das capturas de Rainhas, Machos e Obreiras (F\u00eamea) de <em>Vespa velutina<\/em>, assim como, um gr\u00e1fico com o valor total de exemplares capturados da esp\u00e9cie. Na \u00e1rea de cada gr\u00e1fico no canto superior direito \u00e9 poss\u00edvel expandir a \u00e1rea de visualiza\u00e7\u00e3o e an\u00e1lise de dados de modo a permitir uma consulta mais detalhada.<\/p>\n<p>Para interagir com o <em>Dashboard<\/em> do Projeto Gesvespa que disponibiliza dados em\u00a0<em>Real-Time <\/em>dever\u00e1 clicar em cima da imagem que se segue.<\/p>\n<p><a href=\"https:\/\/portalgeo.iniav.pt\/portal\/apps\/opsdashboard\/index.html#\/fce5996c04b34d52bb06dc3f91d3241f\" target=\"_blank\" rel=\"noopener\"><img decoding=\"async\" title=\"Dashboard Gesvespa\" src=\"https:\/\/projects.iniav.pt\/gesvespa\/wp-content\/uploads\/DASHBOARD_IMAGE.jpg\" alt=\"\" \/><\/a><\/p>\n","protected":false},"excerpt":{"rendered":"<p>SIG Os sistemas de informa\u00e7\u00e3o geogr\u00e1fica (SIG) s\u00e3o cada vez mais um grande suporte para projetos cient\u00edficos. No projeto Gesvespa os SIG permitiram construir diferentes mapas na \u00e1rea de estudo. &nbsp; Anima\u00e7\u00e3o referente a 7 anos de Vespa velutina em Portugal Continental &nbsp; \u00c1rea de interven\u00e7\u00e3o do projeto com grelha de amostragem de 10x10Km &nbsp; [&hellip;]<\/p>\n","protected":false},"author":3,"featured_media":302,"parent":0,"menu_order":0,"comment_status":"closed","ping_status":"closed","template":"","meta":{"footnotes":""},"class_list":["post-133","page","type-page","status-publish","has-post-thumbnail","hentry"],"_links":{"self":[{"href":"https:\/\/projects.iniav.pt\/gesvespa\/wp-json\/wp\/v2\/pages\/133"}],"collection":[{"href":"https:\/\/projects.iniav.pt\/gesvespa\/wp-json\/wp\/v2\/pages"}],"about":[{"href":"https:\/\/projects.iniav.pt\/gesvespa\/wp-json\/wp\/v2\/types\/page"}],"author":[{"embeddable":true,"href":"https:\/\/projects.iniav.pt\/gesvespa\/wp-json\/wp\/v2\/users\/3"}],"replies":[{"embeddable":true,"href":"https:\/\/projects.iniav.pt\/gesvespa\/wp-json\/wp\/v2\/comments?post=133"}],"version-history":[{"count":59,"href":"https:\/\/projects.iniav.pt\/gesvespa\/wp-json\/wp\/v2\/pages\/133\/revisions"}],"predecessor-version":[{"id":303,"href":"https:\/\/projects.iniav.pt\/gesvespa\/wp-json\/wp\/v2\/pages\/133\/revisions\/303"}],"wp:featuredmedia":[{"embeddable":true,"href":"https:\/\/projects.iniav.pt\/gesvespa\/wp-json\/wp\/v2\/media\/302"}],"wp:attachment":[{"href":"https:\/\/projects.iniav.pt\/gesvespa\/wp-json\/wp\/v2\/media?parent=133"}],"curies":[{"name":"wp","href":"https:\/\/api.w.org\/{rel}","templated":true}]}}